{"id":72,"date":"2012-02-23T01:19:19","date_gmt":"2012-02-23T00:19:19","guid":{"rendered":"http:\/\/hdir-3.hdir.hr\/?page_id=72"},"modified":"2014-10-29T11:01:05","modified_gmt":"2014-10-29T10:01:05","slug":"sponsors","status":"publish","type":"page","link":"https:\/\/hdir-3.hdir.hr\/?page_id=72","title":{"rendered":"<!--:en-->Sponsors<!--:-->"},"content":{"rendered":"<p><!--:en--><\/p>\n<h3 style=\"text-align: justify;\"><span style=\"color: #000000;\">The Conference is being held under the auspices of the President of the Republic of Croatia, Prof. dr. sc. Ivo Josipovi\u0107 and the City of Zagreb.<\/span><\/h3>\n<div id=\"attachment_364\" style=\"width: 182px\" class=\"wp-caption aligncenter\"><a href=\"http:\/\/predsjednik.hr\/en\/\" target=\"_blank\"><img loading=\"lazy\" decoding=\"async\" aria-describedby=\"caption-attachment-364\" class=\"wp-image-364\" title=\"Prof. dr. sc. Ivo Josipovi\u0107\" src=\"http:\/\/hdir-3.hdir.hr\/wp-content\/uploads\/2014\/06\/Presidential_Flag_of_Croatia-Small-150x150.jpg\" alt=\"prof. dr. sc. Ivo Josipovi\u0107\" width=\"172\" height=\"172\" srcset=\"https:\/\/hdir-3.hdir.hr\/wp-content\/uploads\/2014\/06\/Presidential_Flag_of_Croatia-Small-150x150.jpg 150w, https:\/\/hdir-3.hdir.hr\/wp-content\/uploads\/2014\/06\/Presidential_Flag_of_Croatia-Small-300x300.jpg 300w, https:\/\/hdir-3.hdir.hr\/wp-content\/uploads\/2014\/06\/Presidential_Flag_of_Croatia-Small.jpg 480w\" sizes=\"auto, (max-width: 172px) 100vw, 172px\" \/><\/a><p id=\"caption-attachment-364\" class=\"wp-caption-text\">President of the Republic of Croatia<\/p><\/div>\n<h3><span style=\"color: #000000;\">HDIR wishes to thank our sponsors:<\/span><\/h3>\n<div id=\"attachment_405\" style=\"width: 182px\" class=\"wp-caption aligncenter\"><a href=\"http:\/\/www.eacr.org\/\" target=\"_blank\"><img loading=\"lazy\" decoding=\"async\" aria-describedby=\"caption-attachment-405\" class=\"wp-image-405\" src=\"http:\/\/hdir-3.hdir.hr\/wp-content\/uploads\/2014\/06\/eacr_logo.png\" alt=\"EACR\" width=\"172\" height=\"142\" \/><\/a><p id=\"caption-attachment-405\" class=\"wp-caption-text\">European Association for Cancer Research<\/p><\/div>\n<div id=\"attachment_219\" style=\"width: 182px\" class=\"wp-caption aligncenter\"><a href=\"http:\/\/www.zagreb.hr\/default.aspx?id=1979\" target=\"_blank\"><img loading=\"lazy\" decoding=\"async\" aria-describedby=\"caption-attachment-219\" class=\"wp-image-219 size-full\" title=\"Zagreb\" src=\"http:\/\/hdir-3.hdir.hr\/wp-content\/uploads\/2012\/04\/Zagreb.jpg\" alt=\"\" width=\"172\" height=\"211\" \/><\/a><p id=\"caption-attachment-219\" class=\"wp-caption-text\">City of Zagreb<\/p><\/div>\n<div id=\"attachment_286\" style=\"width: 182px\" class=\"wp-caption aligncenter\"><a href=\"http:\/\/info.hazu.hr\/\" target=\"_blank\"><img loading=\"lazy\" decoding=\"async\" aria-describedby=\"caption-attachment-286\" class=\"wp-image-286\" title=\"HAZU\" src=\"http:\/\/hdir-3.hdir.hr\/wp-content\/uploads\/2012\/10\/HAZU-150x150.jpg\" alt=\"HAZU\" width=\"172\" height=\"172\" srcset=\"https:\/\/hdir-3.hdir.hr\/wp-content\/uploads\/2012\/10\/HAZU-150x150.jpg 150w, https:\/\/hdir-3.hdir.hr\/wp-content\/uploads\/2012\/10\/HAZU.jpg 295w\" sizes=\"auto, (max-width: 172px) 100vw, 172px\" \/><\/a><p id=\"caption-attachment-286\" class=\"wp-caption-text\">Croatian Academy of Sciences and Arts<\/p><\/div>\n<div id=\"attachment_251\" style=\"width: 255px\" class=\"wp-caption aligncenter\"><a href=\"http:\/\/public.mzos.hr\/Default.aspx?sec=2428\" target=\"_blank\"><img loading=\"lazy\" decoding=\"async\" aria-describedby=\"caption-attachment-251\" class=\"     wp-image-251\" title=\"MZOS\" src=\"http:\/\/hdir-3.hdir.hr\/wp-content\/uploads\/2012\/07\/mzos.jpg\" alt=\"Ministarstvo znanosti, obrazovanja i sporta Republike Hrvatska\" width=\"245\" height=\"125\" \/><\/a><p id=\"caption-attachment-251\" class=\"wp-caption-text\">Ministry of Science, Education and Sports of the Republic of Croatia<\/p><\/div>\n<div id=\"attachment_254\" style=\"width: 255px\" class=\"wp-caption aligncenter\"><a title=\"Ru\u0111er Bo\u0161kovi\u0107 Institute\" href=\"http:\/\/www.irb.hr\/eng\" target=\"_blank\"><img loading=\"lazy\" decoding=\"async\" aria-describedby=\"caption-attachment-254\" class=\"   wp-image-254\" title=\"IRB\" src=\"http:\/\/hdir-3.hdir.hr\/wp-content\/uploads\/2012\/07\/IRB-logo.jpg\" alt=\"Ru\u0111er Bo\u0161kovi\u0107 Institute\" width=\"245\" height=\"171\" srcset=\"https:\/\/hdir-3.hdir.hr\/wp-content\/uploads\/2012\/07\/IRB-logo.jpg 356w, https:\/\/hdir-3.hdir.hr\/wp-content\/uploads\/2012\/07\/IRB-logo-300x208.jpg 300w\" sizes=\"auto, (max-width: 245px) 100vw, 245px\" \/><\/a><p id=\"caption-attachment-254\" class=\"wp-caption-text\">Ru\u0111er Bo\u0161kovi\u0107 Institute<\/p><\/div>\n<div id=\"attachment_373\" style=\"width: 357px\" class=\"wp-caption aligncenter\"><a href=\"http:\/\/skalpeli.hr\/\" target=\"_blank\"><img loading=\"lazy\" decoding=\"async\" aria-describedby=\"caption-attachment-373\" class=\"wp-image-373\" title=\"Diagnostica Skalpeli d.o.o.\" src=\"http:\/\/hdir-3.hdir.hr\/wp-content\/uploads\/2014\/06\/D.skalpeli-300x102.jpg\" alt=\"Diagnostica Skalpeli d.o.o.\" width=\"347\" height=\"119\" srcset=\"https:\/\/hdir-3.hdir.hr\/wp-content\/uploads\/2014\/06\/D.skalpeli-300x102.jpg 300w, https:\/\/hdir-3.hdir.hr\/wp-content\/uploads\/2014\/06\/D.skalpeli.jpg 702w\" sizes=\"auto, (max-width: 347px) 100vw, 347px\" \/><\/a><p id=\"caption-attachment-373\" class=\"wp-caption-text\">Diagnostica Skalpeli<\/p><\/div>\n<div id=\"attachment_223\" style=\"width: 357px\" class=\"wp-caption aligncenter\"><a href=\"http:\/\/www.biosistemi.hr\/news\/\" target=\"_blank\"><img loading=\"lazy\" decoding=\"async\" aria-describedby=\"caption-attachment-223\" class=\"wp-image-223\" title=\"Biosistemi d.o.o.\" src=\"http:\/\/hdir-3.hdir.hr\/wp-content\/uploads\/2012\/02\/biosistemi-e1402558934136.jpg\" alt=\"Biosistemi d.o.o.\" width=\"347\" height=\"91\" srcset=\"https:\/\/hdir-3.hdir.hr\/wp-content\/uploads\/2012\/02\/biosistemi-e1402558934136.jpg 341w, https:\/\/hdir-3.hdir.hr\/wp-content\/uploads\/2012\/02\/biosistemi-e1402558934136-300x78.jpg 300w\" sizes=\"auto, (max-width: 347px) 100vw, 347px\" \/><\/a><p id=\"caption-attachment-223\" class=\"wp-caption-text\">Biosistemi<\/p><\/div>\n<div id=\"attachment_426\" style=\"width: 357px\" class=\"wp-caption aligncenter\"><a href=\"http:\/\/www.hebe.hr\/\" target=\"_blank\"><img loading=\"lazy\" decoding=\"async\" aria-describedby=\"caption-attachment-426\" class=\"wp-image-426\" title=\"HEBE d.o.o.\" src=\"http:\/\/hdir-3.hdir.hr\/wp-content\/uploads\/2012\/02\/Hebe-Logo-300x88.jpg\" alt=\"HEBE\" width=\"347\" height=\"102\" srcset=\"https:\/\/hdir-3.hdir.hr\/wp-content\/uploads\/2012\/02\/Hebe-Logo-300x88.jpg 300w, https:\/\/hdir-3.hdir.hr\/wp-content\/uploads\/2012\/02\/Hebe-Logo.jpg 737w\" sizes=\"auto, (max-width: 347px) 100vw, 347px\" \/><\/a><p id=\"caption-attachment-426\" class=\"wp-caption-text\">HEBE<\/p><\/div>\n<div id=\"attachment_430\" style=\"width: 190px\" class=\"wp-caption aligncenter\"><a href=\"http:\/\/www.inel-mt.hr\/\" target=\"_blank\"><img loading=\"lazy\" decoding=\"async\" aria-describedby=\"caption-attachment-430\" class=\"wp-image-430\" title=\"INEL - medicinska tehnika d.o.o.\" src=\"http:\/\/hdir-3.hdir.hr\/wp-content\/uploads\/2014\/06\/INEL-150x150.jpg\" alt=\"INEL \u2013 MEDICINSKA TEHNIKA\" width=\"180\" height=\"177\" \/><\/a><p id=\"caption-attachment-430\" class=\"wp-caption-text\">INEL \u2013 MEDICINSKA TEHNIKA<\/p><\/div>\n<div id=\"attachment_441\" style=\"width: 357px\" class=\"wp-caption aligncenter\"><a href=\"http:\/\/www.alphachrom.hr\" target=\"_blank\"><img loading=\"lazy\" decoding=\"async\" aria-describedby=\"caption-attachment-441\" class=\"wp-image-441\" title=\"AlphaChrom d.o.o.\" src=\"http:\/\/hdir-3.hdir.hr\/wp-content\/uploads\/2014\/07\/Agilaplpha-300x227.png\" alt=\"AlphaChrom d.o.o.\" width=\"347\" height=\"264\" srcset=\"https:\/\/hdir-3.hdir.hr\/wp-content\/uploads\/2014\/07\/Agilaplpha-300x227.png 300w, https:\/\/hdir-3.hdir.hr\/wp-content\/uploads\/2014\/07\/Agilaplpha-1024x777.png 1024w, https:\/\/hdir-3.hdir.hr\/wp-content\/uploads\/2014\/07\/Agilaplpha.png 1402w\" sizes=\"auto, (max-width: 347px) 100vw, 347px\" \/><\/a><p id=\"caption-attachment-441\" class=\"wp-caption-text\">AlphaChrom<\/p><\/div>\n<div id=\"attachment_438\" style=\"width: 233px\" class=\"wp-caption aligncenter\"><a href=\"http:\/\/www.altiora-cro.com\/\" target=\"_blank\"><img loading=\"lazy\" decoding=\"async\" aria-describedby=\"caption-attachment-438\" class=\"wp-image-438 size-full\" title=\"ALTIORA d.o.o.\" src=\"http:\/\/hdir-3.hdir.hr\/wp-content\/uploads\/2014\/06\/Altiora.jpg\" alt=\"\" width=\"223\" height=\"137\" \/><\/a><p id=\"caption-attachment-438\" class=\"wp-caption-text\">Altiora<\/p><\/div>\n<div id=\"attachment_463\" style=\"width: 233px\" class=\"wp-caption aligncenter\"><a href=\"http:\/\/kemomed.si\/\" target=\"_blank\"><img loading=\"lazy\" decoding=\"async\" aria-describedby=\"caption-attachment-463\" class=\"wp-image-463\" title=\"Kemomed\" src=\"http:\/\/hdir-3.hdir.hr\/wp-content\/uploads\/2014\/07\/Kemomed-150x150.jpg\" alt=\"Kemomed\" width=\"223\" height=\"211\" srcset=\"https:\/\/hdir-3.hdir.hr\/wp-content\/uploads\/2014\/07\/Kemomed-300x283.jpg 300w, https:\/\/hdir-3.hdir.hr\/wp-content\/uploads\/2014\/07\/Kemomed.jpg 1001w\" sizes=\"auto, (max-width: 223px) 100vw, 223px\" \/><\/a><p id=\"caption-attachment-463\" class=\"wp-caption-text\">Kemomed<\/p><\/div>\n<div id=\"attachment_477\" style=\"width: 357px\" class=\"wp-caption aligncenter\"><a href=\"http:\/\/www.biovit.hr\/\" target=\"_blank\"><img loading=\"lazy\" decoding=\"async\" aria-describedby=\"caption-attachment-477\" class=\"wp-image-477\" title=\"BIOVIT d.o.o.\" src=\"http:\/\/hdir-3.hdir.hr\/wp-content\/uploads\/2014\/10\/Biovit-300x66.jpg\" alt=\"BIOVIT d.o.o.\" width=\"347\" height=\"76\" srcset=\"https:\/\/hdir-3.hdir.hr\/wp-content\/uploads\/2014\/10\/Biovit-300x66.jpg 300w, https:\/\/hdir-3.hdir.hr\/wp-content\/uploads\/2014\/10\/Biovit.jpg 759w\" sizes=\"auto, (max-width: 347px) 100vw, 347px\" \/><\/a><p id=\"caption-attachment-477\" class=\"wp-caption-text\">BIOVIT<\/p><\/div>\n<div id=\"attachment_424\" style=\"width: 357px\" class=\"wp-caption aligncenter\"><a href=\"http:\/\/www.gorea-plus.hr\/\" target=\"_blank\"><img loading=\"lazy\" decoding=\"async\" aria-describedby=\"caption-attachment-424\" class=\"wp-image-424 \" title=\"Gorea Plus d.o.o.\" src=\"http:\/\/hdir-3.hdir.hr\/wp-content\/uploads\/2014\/06\/gorea_plus_logo-300x125.jpg\" alt=\"Gorea Plus d.o.o.\" width=\"347\" height=\"145\" srcset=\"https:\/\/hdir-3.hdir.hr\/wp-content\/uploads\/2014\/06\/gorea_plus_logo-300x125.jpg 300w, https:\/\/hdir-3.hdir.hr\/wp-content\/uploads\/2014\/06\/gorea_plus_logo.jpg 640w\" sizes=\"auto, (max-width: 347px) 100vw, 347px\" \/><\/a><p id=\"caption-attachment-424\" class=\"wp-caption-text\">Gorea Plus<\/p><\/div>\n<div id=\"attachment_453\" style=\"width: 357px\" class=\"wp-caption aligncenter\"><a href=\"http:\/\/www.medix.com.hr\" target=\"_blank\"><img loading=\"lazy\" decoding=\"async\" aria-describedby=\"caption-attachment-453\" class=\"wp-image-453\" title=\"MEDIX\" src=\"http:\/\/hdir-3.hdir.hr\/wp-content\/uploads\/2014\/07\/Medix-300x260.jpg\" alt=\"Media sponsor : MEDIX\" width=\"347\" height=\"302\" srcset=\"https:\/\/hdir-3.hdir.hr\/wp-content\/uploads\/2014\/07\/Medix-300x260.jpg 300w, https:\/\/hdir-3.hdir.hr\/wp-content\/uploads\/2014\/07\/Medix-1024x890.jpg 1024w, https:\/\/hdir-3.hdir.hr\/wp-content\/uploads\/2014\/07\/Medix.jpg 1182w\" sizes=\"auto, (max-width: 347px) 100vw, 347px\" \/><\/a><p id=\"caption-attachment-453\" class=\"wp-caption-text\">Media sponsor : MEDIX<\/p><\/div>\n<p>&nbsp;<\/p>\n<p><!--:--><\/p>\n","protected":false},"excerpt":{"rendered":"<p>The Conference is being held under the auspices of the President of the Republic of Croatia, Prof. dr. sc. Ivo Josipovi\u0107 and the City of Zagreb. HDIR wishes to thank our sponsors: &nbsp;<\/p>\n","protected":false},"author":1,"featured_media":0,"parent":0,"menu_order":8,"comment_status":"closed","ping_status":"closed","template":"","meta":{"footnotes":""},"class_list":["post-72","page","type-page","status-publish","hentry"],"_links":{"self":[{"href":"https:\/\/hdir-3.hdir.hr\/index.php?rest_route=\/wp\/v2\/pages\/72","targetHints":{"allow":["GET"]}}],"collection":[{"href":"https:\/\/hdir-3.hdir.hr\/index.php?rest_route=\/wp\/v2\/pages"}],"about":[{"href":"https:\/\/hdir-3.hdir.hr\/index.php?rest_route=\/wp\/v2\/types\/page"}],"author":[{"embeddable":true,"href":"https:\/\/hdir-3.hdir.hr\/index.php?rest_route=\/wp\/v2\/users\/1"}],"replies":[{"embeddable":true,"href":"https:\/\/hdir-3.hdir.hr\/index.php?rest_route=%2Fwp%2Fv2%2Fcomments&post=72"}],"version-history":[{"count":58,"href":"https:\/\/hdir-3.hdir.hr\/index.php?rest_route=\/wp\/v2\/pages\/72\/revisions"}],"predecessor-version":[{"id":482,"href":"https:\/\/hdir-3.hdir.hr\/index.php?rest_route=\/wp\/v2\/pages\/72\/revisions\/482"}],"wp:attachment":[{"href":"https:\/\/hdir-3.hdir.hr\/index.php?rest_route=%2Fwp%2Fv2%2Fmedia&parent=72"}],"curies":[{"name":"wp","href":"https:\/\/api.w.org\/{rel}","templated":true}]}}