{"id":16,"date":"2012-02-22T14:20:16","date_gmt":"2012-02-22T13:20:16","guid":{"rendered":"http:\/\/hdir-3.hdir.hr\/?page_id=16"},"modified":"2012-09-12T15:08:53","modified_gmt":"2012-09-12T14:08:53","slug":"programme","status":"publish","type":"page","link":"https:\/\/hdir-3.hdir.hr\/?page_id=16","title":{"rendered":"<!--:en-->Programme<!--:-->"},"content":{"rendered":"<p><!--:en-->\n<table id=\"wp-table-reloaded-id-2-no-1\" class=\"wp-table-reloaded wp-table-reloaded-id-2\">\n<tbody>\n\t<tr class=\"row-1 odd\">\n\t\t<td colspan=\"2\" class=\"column-1 colspan-2\">November 6, 2014 \/ Thursday<\/td>\n\t<\/tr>\n\t<tr class=\"row-2 even\">\n\t\t<td class=\"column-1\">15:00-17:00<\/td><td class=\"column-2\">Registration<\/td>\n\t<\/tr>\n\t<tr class=\"row-3 odd\">\n\t\t<td class=\"column-1\">17:00-18:00<\/td><td class=\"column-2\">Opening ceremony<\/td>\n\t<\/tr>\n\t<tr class=\"row-4 even\">\n\t\t<td colspan=\"2\" class=\"column-1 colspan-2\"><\/td>\n\t<\/tr>\n\t<tr class=\"row-5 odd\">\n\t\t<td colspan=\"2\" class=\"column-1 colspan-2\">PLENARY LECTURES<br \/>\r\nChairs: Sonja Levanat, Richard Marais<\/td>\n\t<\/tr>\n\t<tr class=\"row-6 even\">\n\t\t<td class=\"column-1\">18:00-18:45<\/td><td class=\"column-2\">Richard Marais (UK) (sponsored by EACR)<br \/>\r\n\"The Biology of BRAF and RAS Signalling in Melanoma: From Basic Biology to Clinical Application\"<\/td>\n\t<\/tr>\n\t<tr class=\"row-7 odd\">\n\t\t<td class=\"column-1\">19:00-19:45<\/td><td class=\"column-2\">Esteban Cvitkovic (France)<br \/>\r\n\"Drug Development from the Target to the Clinic\"<\/td>\n\t<\/tr>\n\t<tr class=\"row-8 even\">\n\t\t<td colspan=\"2\" class=\"column-1 colspan-2\"><\/td>\n\t<\/tr>\n\t<tr class=\"row-9 odd\">\n\t\t<td class=\"column-1\">20:00-21:00<\/td><td class=\"column-2\">Welcome reception<\/td>\n\t<\/tr>\n\t<tr class=\"row-10 even\">\n\t\t<td colspan=\"2\" class=\"column-1 colspan-2\"><\/td>\n\t<\/tr>\n\t<tr class=\"row-11 odd\">\n\t\t<td colspan=\"2\" class=\"column-1 colspan-2\">November 7, 2014 \/ Friday<\/td>\n\t<\/tr>\n\t<tr class=\"row-12 even\">\n\t\t<td colspan=\"2\" class=\"column-1 colspan-2\">SECTION \"Signal Transduction\"<br \/>\r\nChairs: Maja Herak Bosnar, Ivan \u0110iki\u0107<\/td>\n\t<\/tr>\n\t<tr class=\"row-13 odd\">\n\t\t<td class=\"column-1\">8:30-9:05<\/td><td class=\"column-2\">Ivan \u0110iki\u0107 (Germany) (sponsored by EACR)<br \/>\r\n\"Linear Ubiquitination and RIP Kinases in Regulation of Inflammation and Cancer\"<\/td>\n\t<\/tr>\n\t<tr class=\"row-14 even\">\n\t\t<td class=\"column-1\">9:10-9:45<\/td><td class=\"column-2\">Sini\u0161a Volarevi\u0107 (Croatia)<br \/>\r\n\"Ribosome Biogenesis Stress and p53 Activation\"<\/td>\n\t<\/tr>\n\t<tr class=\"row-15 odd\">\n\t\t<td class=\"column-1\"><\/td><td class=\"column-2\">Short talks:<\/td>\n\t<\/tr>\n\t<tr class=\"row-16 even\">\n\t\t<td class=\"column-1\">9:50-10:05<\/td><td class=\"column-2\">Isidora Petrovi\u0107 (Serbia)<br \/>\r\n\"Human SOX18 Gene Is a Novel Target of Hedgehog Signaling in Cervical Carcinoma Cell Line\"<\/td>\n\t<\/tr>\n\t<tr class=\"row-17 odd\">\n\t\t<td class=\"column-1\">10:10-10:25<\/td><td class=\"column-2\">Katja Ester (Croatia)<br \/>\r\n\"Chicken Anemia Virus-derived Protein Apoptin Triggers Cell Cycle Arrest but Not Apoptosis in Cancer Stem Cells\"<\/td>\n\t<\/tr>\n\t<tr class=\"row-18 even\">\n\t\t<td colspan=\"2\" class=\"column-1 colspan-2\"><\/td>\n\t<\/tr>\n\t<tr class=\"row-19 odd\">\n\t\t<td class=\"column-1\">10:30-11:00<\/td><td class=\"column-2\">Coffee break<\/td>\n\t<\/tr>\n\t<tr class=\"row-20 even\">\n\t\t<td colspan=\"2\" class=\"column-1 colspan-2\"><\/td>\n\t<\/tr>\n\t<tr class=\"row-21 odd\">\n\t\t<td colspan=\"2\" class=\"column-1 colspan-2\">SECTION \"Immunity and Cancer\"<br \/>\r\nChairs: Bo\u017eena \u0160ar\u010devi\u0107, Jano\u0161 Terzi\u0107<\/td>\n\t<\/tr>\n\t<tr class=\"row-22 even\">\n\t\t<td class=\"column-1\">11:00-11:35<\/td><td class=\"column-2\">Riccardo Dolcetti, Elena Muraro (Italy) (sponsored by EACR)<br \/>\r\n\"Breast Cancer and Immunity\"<\/td>\n\t<\/tr>\n\t<tr class=\"row-23 odd\">\n\t\t<td class=\"column-1\">11:40-12:15<\/td><td class=\"column-2\">Jano\u0161 Terzi\u0107 (Croatia)<br \/>\r\n\"Inflammation and Cancer: Role of IL-6\"<\/td>\n\t<\/tr>\n\t<tr class=\"row-24 even\">\n\t\t<td class=\"column-1\"><\/td><td class=\"column-2\">Short talk:<\/td>\n\t<\/tr>\n\t<tr class=\"row-25 odd\">\n\t\t<td class=\"column-1\">12:20-12:35<\/td><td class=\"column-2\">Ines Mrakov\u010di\u0107-\u0160uti\u0107 (Croatia)<br \/>\r\n\"Cross Talk Between Regulatory T Cells (Tregs) and NKT Cells in Peripheral Blood and Prostatic Tissue of Patients with Prostatic Cancer and Benign Prostatic Hyperplasia\"<\/td>\n\t<\/tr>\n\t<tr class=\"row-26 even\">\n\t\t<td colspan=\"2\" class=\"column-1 colspan-2\"><\/td>\n\t<\/tr>\n\t<tr class=\"row-27 odd\">\n\t\t<td class=\"column-1\">12:40-13:30<\/td><td class=\"column-2\">Lunch<\/td>\n\t<\/tr>\n\t<tr class=\"row-28 even\">\n\t\t<td class=\"column-1\">13:30-14:30<\/td><td class=\"column-2\">Poster session<\/td>\n\t<\/tr>\n\t<tr class=\"row-29 odd\">\n\t\t<td colspan=\"2\" class=\"column-1 colspan-2\"><\/td>\n\t<\/tr>\n\t<tr class=\"row-30 even\">\n\t\t<td colspan=\"2\" class=\"column-1 colspan-2\">SECTION \"Cancer Genetics and Epigenetics\"<br \/>\r\nChairs: Neda Slade, Robert Zeillinger<\/td>\n\t<\/tr>\n\t<tr class=\"row-31 odd\">\n\t\t<td class=\"column-1\">14:30-15:05<\/td><td class=\"column-2\">Jiri Zavadil, Magali Olivier (France)<br \/>\r\n\"Mutation Spectra of Carcinogenic Exposures - New Opportunities in Cancer Research and Prevention\"<\/td>\n\t<\/tr>\n\t<tr class=\"row-32 even\">\n\t\t<td class=\"column-1\">15:10-15:45<\/td><td class=\"column-2\">Robert Zeillinger (Austria)<br \/>\r\n\"From Research to Diagnostics in Ovarian Cancer\"<\/td>\n\t<\/tr>\n\t<tr class=\"row-33 odd\">\n\t\t<td class=\"column-1\"><\/td><td class=\"column-2\">Short talks:<\/td>\n\t<\/tr>\n\t<tr class=\"row-34 even\">\n\t\t<td class=\"column-1\">15:50-16:05<\/td><td class=\"column-2\">Jelena Barbari\u0107 (Croatia)<br \/>\r\n\"A Closer Look at Disparities in Melanoma Incidence and Mortality in South- \t\t\tEastern Europe: West to East Gradient in Incidence Rates, Increasing Recent Incidence \t\t\tTrends Across The Region, Unclear Mortality Patterns.\"<\/td>\n\t<\/tr>\n\t<tr class=\"row-35 odd\">\n\t\t<td class=\"column-1\">16:10-16:25<\/td><td class=\"column-2\">Gabrijela Smoljki\u0107 (Croatia)<br \/>\r\n\"The Effect of Endothelin System on the Proliferation and Apoptosis of MDA-MB-231 Cells Treated with Paclitaxel\"<\/td>\n\t<\/tr>\n\t<tr class=\"row-36 even\">\n\t\t<td colspan=\"2\" class=\"column-1 colspan-2\"><\/td>\n\t<\/tr>\n\t<tr class=\"row-37 odd\">\n\t\t<td class=\"column-1\">16:30-17:00<\/td><td class=\"column-2\">Coffee break<\/td>\n\t<\/tr>\n\t<tr class=\"row-38 even\">\n\t\t<td colspan=\"2\" class=\"column-1 colspan-2\"><\/td>\n\t<\/tr>\n\t<tr class=\"row-39 odd\">\n\t\t<td colspan=\"2\" class=\"column-1 colspan-2\">SECTION \"New Therapies and Cancer Resistance\"<br \/>\r\nChairs: Maja Osmak, Gregor Ser\u0161a<\/td>\n\t<\/tr>\n\t<tr class=\"row-40 even\">\n\t\t<td class=\"column-1\">17:00-17:35<\/td><td class=\"column-2\">Gregor Ser\u0161a (Slovenia)<br \/>\r\n\"Biomedical Applications of Electroporation: From Bench to Bedside\"<\/td>\n\t<\/tr>\n\t<tr class=\"row-41 odd\">\n\t\t<td class=\"column-1\">17:40-18:15<\/td><td class=\"column-2\">Lidija Beketi\u0107-Ore\u0161kovi\u0107 (Croatia)<br \/>\r\n\"Personalized Approach to the Therapy of Breast Cancer\"<\/td>\n\t<\/tr>\n\t<tr class=\"row-42 even\">\n\t\t<td class=\"column-1\"><\/td><td class=\"column-2\">Short talks:<\/td>\n\t<\/tr>\n\t<tr class=\"row-43 odd\">\n\t\t<td class=\"column-1\">18:20-18:35<\/td><td class=\"column-2\">Engin Ulukaya (Turkey)<br \/>\r\n''A Novel Promising Anti-Cancer Compound Against Cancer: A Palladium (II)-Saccharinate Complex of Terpyridine\"<\/td>\n\t<\/tr>\n\t<tr class=\"row-44 even\">\n\t\t<td class=\"column-1\">18:40-18:55<\/td><td class=\"column-2\">Anamaria Brozovi\u0107 (Croatia)<br \/>\r\n\"The miR-200 Family Regulates Sensitivity to Paclitaxel and Carboplatin in Human Ovarian Carcinoma OVCAR-3 and MES-OV Cells\"<\/td>\n\t<\/tr>\n\t<tr class=\"row-45 odd\">\n\t\t<td colspan=\"2\" class=\"column-1 colspan-2\"><\/td>\n\t<\/tr>\n\t<tr class=\"row-46 even\">\n\t\t<td class=\"column-1\">19:00-19:30<\/td><td class=\"column-2\">Closing ceremony and best poster awards (sponsored by EACR)<\/td>\n\t<\/tr>\n<\/tbody>\n<\/table>\n<\/p>\n<p><!--:--><\/p>\n","protected":false},"excerpt":{"rendered":"","protected":false},"author":1,"featured_media":0,"parent":0,"menu_order":3,"comment_status":"closed","ping_status":"closed","template":"","meta":{"footnotes":""},"class_list":["post-16","page","type-page","status-publish","hentry"],"_links":{"self":[{"href":"https:\/\/hdir-3.hdir.hr\/index.php?rest_route=\/wp\/v2\/pages\/16","targetHints":{"allow":["GET"]}}],"collection":[{"href":"https:\/\/hdir-3.hdir.hr\/index.php?rest_route=\/wp\/v2\/pages"}],"about":[{"href":"https:\/\/hdir-3.hdir.hr\/index.php?rest_route=\/wp\/v2\/types\/page"}],"author":[{"embeddable":true,"href":"https:\/\/hdir-3.hdir.hr\/index.php?rest_route=\/wp\/v2\/users\/1"}],"replies":[{"embeddable":true,"href":"https:\/\/hdir-3.hdir.hr\/index.php?rest_route=%2Fwp%2Fv2%2Fcomments&post=16"}],"version-history":[{"count":0,"href":"https:\/\/hdir-3.hdir.hr\/index.php?rest_route=\/wp\/v2\/pages\/16\/revisions"}],"wp:attachment":[{"href":"https:\/\/hdir-3.hdir.hr\/index.php?rest_route=%2Fwp%2Fv2%2Fmedia&parent=16"}],"curies":[{"name":"wp","href":"https:\/\/api.w.org\/{rel}","templated":true}]}}