{"id":11,"date":"2012-02-22T14:06:07","date_gmt":"2012-02-22T13:06:07","guid":{"rendered":"http:\/\/hdir-3.hdir.hr\/?page_id=11"},"modified":"2014-07-14T16:25:50","modified_gmt":"2014-07-14T14:25:50","slug":"organization","status":"publish","type":"page","link":"https:\/\/hdir-3.hdir.hr\/?page_id=11","title":{"rendered":"<!--:en-->Organization<!--:-->"},"content":{"rendered":"<p><!--:en--><\/p>\n<h4 style=\"text-align: center;\"><a title=\"Hrvatsko dru\u0161tvo za istra\u017eivanje raka\" href=\"http:\/\/www.hdir.hr\/\" target=\"_blank\"><img loading=\"lazy\" decoding=\"async\" class=\"aligncenter wp-image-170\" title=\"HDIR\" src=\"http:\/\/hdir-3.hdir.hr\/wp-content\/uploads\/2012\/02\/HDIR-300x180.jpg\" alt=\"Hrvatsko dru\u0161tvo za istra\u017eivanje raka\" width=\"200\" height=\"120\" srcset=\"https:\/\/hdir-3.hdir.hr\/wp-content\/uploads\/2012\/02\/HDIR-300x180.jpg 300w, https:\/\/hdir-3.hdir.hr\/wp-content\/uploads\/2012\/02\/HDIR.jpg 316w\" sizes=\"auto, (max-width: 200px) 100vw, 200px\" \/><\/a><\/h4>\n<h3 style=\"text-align: center;\"><em>Scientific Committee<\/em><\/h3>\n<h4 style=\"text-align: center;\">Sonja Levanat<\/h4>\n<h4 style=\"text-align: center;\">Biserka Nagy<\/h4>\n<h4 style=\"text-align: center;\">Maja Osmak<\/h4>\n<h4 style=\"text-align: center;\">Damir Eljuga<\/h4>\n<h4 style=\"text-align: center;\">Neda Slade<\/h4>\n<h4 style=\"text-align: center;\">Maja Herak Bosnar<\/h4>\n<p>&nbsp;<\/p>\n<h3 style=\"text-align: center;\"><em>Organizing Committee<\/em><\/h3>\n<h4 style=\"text-align: center;\">Gorana Aralica<\/h4>\n<h4 style=\"text-align: center;\">Martina De\u017eeljin<\/h4>\n<h4 style=\"text-align: center;\">Mirela Leva\u010di\u0107 Cvok<\/h4>\n<h4 style=\"text-align: center;\">Ana-Matea Mikecin<\/h4>\n<h4 style=\"text-align: center;\">Vesna Musani<\/h4>\n<h4 style=\"text-align: center;\">Petar Ozreti\u0107<\/h4>\n<h4 style=\"text-align: center;\">Gabrijela Smoljki\u0107<\/h4>\n<h4 style=\"text-align: center;\">Nikolina Stojanovi\u0107<\/h4>\n<h4 style=\"text-align: center;\">Diana Trnski<\/h4>\n<h4 style=\"text-align: center;\">Arijana Zori\u0107<\/h4>\n<p><a title=\"Hotel International\" href=\"http:\/\/www.hotel-international.hr\/\"><img loading=\"lazy\" decoding=\"async\" class=\"aligncenter size-full wp-image-350\" src=\"http:\/\/hdir-3.hdir.hr\/wp-content\/uploads\/2014\/05\/HI.gif\" alt=\"Hotel International\" width=\"235\" height=\"48\" \/><\/a><\/p>\n<p><!--:--><\/p>\n","protected":false},"excerpt":{"rendered":"<p>Scientific Committee Sonja Levanat Biserka Nagy Maja Osmak Damir Eljuga Neda Slade Maja Herak Bosnar &nbsp; Organizing Committee Gorana Aralica Martina De\u017eeljin Mirela Leva\u010di\u0107 Cvok Ana-Matea Mikecin Vesna Musani Petar Ozreti\u0107 Gabrijela Smoljki\u0107 Nikolina Stojanovi\u0107 Diana Trnski Arijana Zori\u0107<\/p>\n","protected":false},"author":1,"featured_media":170,"parent":0,"menu_order":2,"comment_status":"closed","ping_status":"closed","template":"","meta":{"footnotes":""},"class_list":["post-11","page","type-page","status-publish","has-post-thumbnail","hentry"],"_links":{"self":[{"href":"https:\/\/hdir-3.hdir.hr\/index.php?rest_route=\/wp\/v2\/pages\/11","targetHints":{"allow":["GET"]}}],"collection":[{"href":"https:\/\/hdir-3.hdir.hr\/index.php?rest_route=\/wp\/v2\/pages"}],"about":[{"href":"https:\/\/hdir-3.hdir.hr\/index.php?rest_route=\/wp\/v2\/types\/page"}],"author":[{"embeddable":true,"href":"https:\/\/hdir-3.hdir.hr\/index.php?rest_route=\/wp\/v2\/users\/1"}],"replies":[{"embeddable":true,"href":"https:\/\/hdir-3.hdir.hr\/index.php?rest_route=%2Fwp%2Fv2%2Fcomments&post=11"}],"version-history":[{"count":9,"href":"https:\/\/hdir-3.hdir.hr\/index.php?rest_route=\/wp\/v2\/pages\/11\/revisions"}],"predecessor-version":[{"id":452,"href":"https:\/\/hdir-3.hdir.hr\/index.php?rest_route=\/wp\/v2\/pages\/11\/revisions\/452"}],"wp:featuredmedia":[{"embeddable":true,"href":"https:\/\/hdir-3.hdir.hr\/index.php?rest_route=\/wp\/v2\/media\/170"}],"wp:attachment":[{"href":"https:\/\/hdir-3.hdir.hr\/index.php?rest_route=%2Fwp%2Fv2%2Fmedia&parent=11"}],"curies":[{"name":"wp","href":"https:\/\/api.w.org\/{rel}","templated":true}]}}